{"id":581,"date":"2025-01-29T23:26:53","date_gmt":"2025-01-29T23:26:53","guid":{"rendered":"https:\/\/vmv.hiseo.cz\/?page_id=581"},"modified":"2025-03-09T10:03:17","modified_gmt":"2025-03-09T10:03:17","slug":"dotace","status":"publish","type":"page","link":"https:\/\/vmv.hiseo.cz\/en\/dotace\/","title":{"rendered":"Subsidies"},"content":{"rendered":"<div data-elementor-type=\"wp-page\" data-elementor-id=\"581\" class=\"elementor elementor-581\" data-elementor-post-type=\"page\">\n\t\t\t\t<div class=\"elementor-element elementor-element-0a136e3 e-flex e-con-boxed e-con e-parent\" data-id=\"0a136e3\" data-element_type=\"container\">\n\t\t\t\t\t<div class=\"e-con-inner\">\n\t\t\t\t<div class=\"elementor-element elementor-element-38ee24d elementor-invisible elementor-widget elementor-widget-heading\" data-id=\"38ee24d\" data-element_type=\"widget\" data-settings=\"{&quot;_animation&quot;:&quot;slideInUp&quot;}\" data-widget_type=\"heading.default\">\n\t\t\t\t<div class=\"elementor-widget-container\">\n\t\t\t<h2 class=\"elementor-heading-title elementor-size-default\">Subsidies<\/h2>\t\t<\/div>\n\t\t\t\t<\/div>\n\t\t\t\t\t<\/div>\n\t\t\t\t<\/div>\n\t\t<div class=\"elementor-element elementor-element-bd804e5 e-flex e-con-boxed elementor-invisible e-con e-parent\" data-id=\"bd804e5\" data-element_type=\"container\" data-settings=\"{&quot;animation&quot;:&quot;slideInUp&quot;,&quot;animation_delay&quot;:200}\">\n\t\t\t\t\t<div class=\"e-con-inner\">\n\t\t\t\t<div class=\"elementor-element elementor-element-321530c elementor-widget elementor-widget-heading\" data-id=\"321530c\" data-element_type=\"widget\" data-widget_type=\"heading.default\">\n\t\t\t\t<div class=\"elementor-widget-container\">\n\t\t\t<h2 class=\"elementor-heading-title elementor-size-default\">Project: purchase\/replacement of Hermle C400 U machining centre<\/h2>\t\t<\/div>\n\t\t\t\t<\/div>\n\t\t\t\t<div class=\"elementor-element elementor-element-a954648 elementor-widget elementor-widget-text-editor\" data-id=\"a954648\" data-element_type=\"widget\" data-widget_type=\"text-editor.default\">\n\t\t\t\t<div class=\"elementor-widget-container\">\n\t\t\t\t\t\t\t<div><div>On the basis of the soft loan application dated 13.12.2024 and negotiations with the National Development Bank, a.s., a soft loan was granted for the project \"<strong>Acquisition\/replacement Machining centre Hermle C400 U\"<\/strong>.<\/div><div>\u00a0<\/div><div><strong>Program Manager:\u00a0<\/strong>Ministry of Industry and Trade of the Czech Republic<\/div><div><strong>Operational Programme:\u00a0<\/strong>OP TAK, New Energy Savings - credits - Call I<\/div><div><strong>Priority:\u00a0<\/strong>Moving towards a low-carbon economy<\/div><div><strong>Specific objective:\u00a0<\/strong>Promoting energy efficiency and reducing greenhouse gas emissions<\/div><div><strong>Activity:<\/strong>\u00a0Reducing energy consumption \/ increasing energy efficiency of production and technological processes<\/div><div><strong>Support provider:<\/strong>\u00a0National Development Bank, a.s.<\/div><\/div>\t\t\t\t\t\t<\/div>\n\t\t\t\t<\/div>\n\t\t\t\t<div class=\"elementor-element elementor-element-c36fdad elementor-widget elementor-widget-image\" data-id=\"c36fdad\" data-element_type=\"widget\" data-widget_type=\"image.default\">\n\t\t\t\t<div class=\"elementor-widget-container\">\n\t\t\t\t\t\t\t\t\t\t\t\t\t<img fetchpriority=\"high\" decoding=\"async\" width=\"800\" height=\"600\" src=\"https:\/\/vmv.hiseo.cz\/wp-content\/uploads\/2025\/02\/Projekt-Hermle-horizontal-1-1024x768.webp\" class=\"attachment-large size-large wp-image-665\" alt=\"\" srcset=\"https:\/\/vmv.hiseo.cz\/wp-content\/uploads\/2025\/02\/Projekt-Hermle-horizontal-1-1024x768.webp 1024w, https:\/\/vmv.hiseo.cz\/wp-content\/uploads\/2025\/02\/Projekt-Hermle-horizontal-1-300x225.webp 300w, https:\/\/vmv.hiseo.cz\/wp-content\/uploads\/2025\/02\/Projekt-Hermle-horizontal-1-768x576.webp 768w, https:\/\/vmv.hiseo.cz\/wp-content\/uploads\/2025\/02\/Projekt-Hermle-horizontal-1-1536x1152.webp 1536w, https:\/\/vmv.hiseo.cz\/wp-content\/uploads\/2025\/02\/Projekt-Hermle-horizontal-1-2048x1536.webp 2048w\" sizes=\"(max-width: 800px) 100vw, 800px\" \/>\t\t\t\t\t\t\t\t\t\t\t\t\t<\/div>\n\t\t\t\t<\/div>\n\t\t\t\t<div class=\"elementor-element elementor-element-0e4c24d elementor-widget elementor-widget-text-editor\" data-id=\"0e4c24d\" data-element_type=\"widget\" data-widget_type=\"text-editor.default\">\n\t\t\t\t<div class=\"elementor-widget-container\">\n\t\t\t\t\t\t\t<div>\u00a0<\/div><div><strong><span class=\"bold\">Project objectives:<\/span><\/strong><\/div><div><div>Increased operational efficiency and reduced energy consumption leading to lower operating costs and an improved overall environmental footprint.<\/div><div>\u00a0<\/div><div><strong>Projected benefits of the project:<\/strong><\/div><ul><li>Achievability of energy efficiency improvements<\/li><li>Saving primary energy<\/li><li>Saving greenhouse gas emissions<\/li><li>Reduction of final energy consumption<\/li><\/ul><\/div><div>\u00a0<\/div><div><strong><span class=\"bold\">Project implementation:<\/span><\/strong><\/div><div>preparation in 2024, implementation in 2025<\/div>\t\t\t\t\t\t<\/div>\n\t\t\t\t<\/div>\n\t\t\t\t\t<\/div>\n\t\t\t\t<\/div>\n\t\t<div class=\"elementor-element elementor-element-4ef025b e-flex e-con-boxed elementor-invisible e-con e-parent\" data-id=\"4ef025b\" data-element_type=\"container\" data-settings=\"{&quot;animation&quot;:&quot;slideInUp&quot;,&quot;animation_delay&quot;:200}\">\n\t\t\t\t\t<div class=\"e-con-inner\">\n\t\t\t\t<div class=\"elementor-element elementor-element-e82797b elementor-widget elementor-widget-heading\" data-id=\"e82797b\" data-element_type=\"widget\" data-widget_type=\"heading.default\">\n\t\t\t\t<div class=\"elementor-widget-container\">\n\t\t\t<h2 class=\"elementor-heading-title elementor-size-default\">Project: strengthening VMV's position on the foreign market\n<\/h2>\t\t<\/div>\n\t\t\t\t<\/div>\n\t\t\t\t<div class=\"elementor-element elementor-element-51b9d3e elementor-widget elementor-widget-text-editor\" data-id=\"51b9d3e\" data-element_type=\"widget\" data-widget_type=\"text-editor.default\">\n\t\t\t\t<div class=\"elementor-widget-container\">\n\t\t\t\t\t\t\t<p>On the basis of the application for support dated 25.01.2017, in accordance with the objectives of the OP PIK Marketing support programme, it was decided to provide a subsidy for the project \"Strengthening the position of VMV on the foreign market\", project registration number: CZ.01.2.111\/0.0\/0.0\/16_047\/0008912.<\/p>\t\t\t\t\t\t<\/div>\n\t\t\t\t<\/div>\n\t\t\t\t<div class=\"elementor-element elementor-element-9d52b84 elementor-widget elementor-widget-image\" data-id=\"9d52b84\" data-element_type=\"widget\" data-widget_type=\"image.default\">\n\t\t\t\t<div class=\"elementor-widget-container\">\n\t\t\t\t\t\t\t\t\t\t\t\t\t<img decoding=\"async\" width=\"550\" height=\"172\" src=\"https:\/\/vmv.hiseo.cz\/wp-content\/uploads\/2025\/01\/CZ_RO_B_C_W550.webp\" class=\"attachment-large size-large wp-image-587\" alt=\"\" srcset=\"https:\/\/vmv.hiseo.cz\/wp-content\/uploads\/2025\/01\/CZ_RO_B_C_W550.webp 550w, https:\/\/vmv.hiseo.cz\/wp-content\/uploads\/2025\/01\/CZ_RO_B_C_W550-300x94.webp 300w\" sizes=\"(max-width: 550px) 100vw, 550px\" \/>\t\t\t\t\t\t\t\t\t\t\t\t\t<\/div>\n\t\t\t\t<\/div>\n\t\t\t\t<div class=\"elementor-element elementor-element-3f55f5e elementor-widget elementor-widget-text-editor\" data-id=\"3f55f5e\" data-element_type=\"widget\" data-widget_type=\"text-editor.default\">\n\t\t\t\t<div class=\"elementor-widget-container\">\n\t\t\t\t\t\t\t<div><strong><span class=\"bold\">Project objectives:<\/span><\/strong><\/div><div><div>Participation in foreign trade fairs to ensure the company's long-term competitiveness on the market and to expand its operations to other foreign regions. Continue to penetrate these markets with high quality, precision, small series engineering parts.<\/div><div>\u00a0<\/div><div><strong>Projected benefits of the project:<\/strong><\/div><ul><li>increase in turnover<\/li><li>increase in production volume, which translates into an increase in output<\/li><li>increase in exports<\/li><li>increase in the share of exports in sales<\/li><li>increase employment<\/li><li>Increased awareness of VMV, spol. s r.o. abroad, in EU and non-EU countries<\/li><li>increasing awareness of the Czech Republic and raising its reputation abroad,<\/li><li>the project activities are not harmful to the environment and are fully in line with the horizontal principles<\/li><\/ul><\/div><div>\u00a0<\/div><div><strong><span class=\"bold\">Planned trade fairs:<\/span><\/strong><\/div><div>1. Subcon, UK, June 2017<\/div><div>2nd Elmia Subcontactor, Sweden, November 2017<\/div><div>3rd ESEF, Netherlands, March 2018<\/div><div>4th Subcon, UK, June 2018<\/div><div>5th Elmia Subcontactor, Sweden, November 2018<\/div><div>6. Zuliefermesse, Germany, March 2019<\/div><div>7. Subcon, UK, June 2019<\/div><div>8. Elmia Subcontactor, Sweden, November 2019<\/div><div>\u00a0<\/div><div>\u00a0<\/div><div><strong><span class=\"bold\">Project implementation:<\/span><\/strong><\/div><div>June 2017 to November 2019<\/div><div>\u00a0<\/div>\t\t\t\t\t\t<\/div>\n\t\t\t\t<\/div>\n\t\t\t\t\t<\/div>\n\t\t\t\t<\/div>\n\t\t<div class=\"elementor-element elementor-element-7adf84d e-flex e-con-boxed elementor-invisible e-con e-parent\" data-id=\"7adf84d\" data-element_type=\"container\" data-settings=\"{&quot;animation&quot;:&quot;slideInUp&quot;,&quot;animation_delay&quot;:200}\">\n\t\t\t\t\t<div class=\"e-con-inner\">\n\t\t\t\t<div class=\"elementor-element elementor-element-4472048 elementor-widget elementor-widget-heading\" data-id=\"4472048\" data-element_type=\"widget\" data-widget_type=\"heading.default\">\n\t\t\t\t<div class=\"elementor-widget-container\">\n\t\t\t<h2 class=\"elementor-heading-title elementor-size-default\">Project: employee placement and development in an engineering company\n<\/h2>\t\t<\/div>\n\t\t\t\t<\/div>\n\t\t\t\t<div class=\"elementor-element elementor-element-45674cf elementor-widget elementor-widget-text-editor\" data-id=\"45674cf\" data-element_type=\"widget\" data-widget_type=\"text-editor.default\">\n\t\t\t\t<div class=\"elementor-widget-container\">\n\t\t\t\t\t\t\t<p>In July 2009, a subsidy was approved for the training of our employees in the project Employment and development of employees in engineering companies, registration number: CZ.1.04\/1.1.02\/23.00104 from the Operational Programme Human Resources and Employment.<\/p>\t\t\t\t\t\t<\/div>\n\t\t\t\t<\/div>\n\t\t\t\t<div class=\"elementor-element elementor-element-e061a3c elementor-widget elementor-widget-image\" data-id=\"e061a3c\" data-element_type=\"widget\" data-widget_type=\"image.default\">\n\t\t\t\t<div class=\"elementor-widget-container\">\n\t\t\t\t\t\t\t\t\t\t\t\t\t<img decoding=\"async\" width=\"508\" height=\"55\" src=\"https:\/\/vmv.hiseo.cz\/wp-content\/uploads\/2025\/01\/ESF-508x55-1.webp\" class=\"attachment-large size-large wp-image-588\" alt=\"\" srcset=\"https:\/\/vmv.hiseo.cz\/wp-content\/uploads\/2025\/01\/ESF-508x55-1.webp 508w, https:\/\/vmv.hiseo.cz\/wp-content\/uploads\/2025\/01\/ESF-508x55-1-300x32.webp 300w\" sizes=\"(max-width: 508px) 100vw, 508px\" \/>\t\t\t\t\t\t\t\t\t\t\t\t\t<\/div>\n\t\t\t\t<\/div>\n\t\t\t\t<div class=\"elementor-element elementor-element-fd1992b elementor-widget elementor-widget-text-editor\" data-id=\"fd1992b\" data-element_type=\"widget\" data-widget_type=\"text-editor.default\">\n\t\t\t\t<div class=\"elementor-widget-container\">\n\t\t\t\t\t\t\t<div><strong>Objectives of the educational project:<\/strong><br \/>Developing the knowledge and experience of our employees and increasing the competitiveness of the whole company.<br \/>However, the main objective is to increase the skills of the workforce and to maintain these skills in order to increase their value on the labour market.<\/div><div>\u00a0<\/div><p><strong>Key educational activities of the project:<\/strong><\/p><ul><li>Leadership training<\/li><li>Training of people in contact with customers and suppliers<\/li><li>Quality education<\/li><li>Training required by legislation<\/li><li>Accounting and tax legislation<\/li><li>Ethics<\/li><\/ul><div>\u00a0<\/div><div><strong>Project implementation:<\/strong><br \/>1 September 2009 to 31 August 2012.<\/div><div>\u00a0<\/div><div><strong>Implementation of monitoring indicators (as of 31.8.2011):<\/strong><\/div><div><table><tbody><tr><td>Code<\/td><td>Name<\/td><td><p align=\"right\">Target value<\/p><\/td><td><p align=\"right\">Achieved value<\/p><\/td><td><p align=\"right\">Filling<\/p><\/td><\/tr><tr><td>07.41.00<\/td><td>Number of supported persons - total<\/td><td><p align=\"right\">60<\/p><\/td><td><p align=\"right\">58<\/p><\/td><td><p align=\"right\">97 %<\/p><\/td><\/tr><tr><td>07.41.10<\/td><td>Number of supported persons - clients of services<\/td><td><p align=\"right\">60<\/p><\/td><td><p align=\"right\">58<\/p><\/td><td><p align=\"right\">97 %<\/p><\/td><\/tr><tr><td>07.45.00<\/td><td>Number of supported organisations - total<\/td><td><p align=\"right\">1<\/p><\/td><td><p align=\"right\">1<\/p><\/td><td><p align=\"right\">100 %<\/p><\/td><\/tr><tr><td>07.46.13<\/td><td>Number of successful course graduates - total<\/td><td><p align=\"right\">189<\/p><\/td><td><p align=\"right\">209<\/p><\/td><td><p align=\"right\">111 %<\/p><\/td><\/tr><tr><td>07.57.00<\/td><td>Number of newly created \/ innovated products<\/td><td><p align=\"right\">1<\/p><\/td><td><p align=\"right\">1<\/p><\/td><td><p align=\"right\">100 %<\/p><\/td><\/tr><\/tbody><\/table><\/div>\t\t\t\t\t\t<\/div>\n\t\t\t\t<\/div>\n\t\t\t\t\t<\/div>\n\t\t\t\t<\/div>\n\t\t<div class=\"elementor-element elementor-element-ac50ad8 e-flex e-con-boxed elementor-invisible e-con e-parent\" data-id=\"ac50ad8\" data-element_type=\"container\" data-settings=\"{&quot;animation&quot;:&quot;slideInUp&quot;,&quot;animation_delay&quot;:200}\">\n\t\t\t\t\t<div class=\"e-con-inner\">\n\t\t\t\t<div class=\"elementor-element elementor-element-9a0b874 elementor-widget elementor-widget-heading\" data-id=\"9a0b874\" data-element_type=\"widget\" data-widget_type=\"heading.default\">\n\t\t\t\t<div class=\"elementor-widget-container\">\n\t\t\t<h2 class=\"elementor-heading-title elementor-size-default\">Project: educate yourself!\n<\/h2>\t\t<\/div>\n\t\t\t\t<\/div>\n\t\t\t\t<div class=\"elementor-element elementor-element-78ffb89 elementor-widget elementor-widget-text-editor\" data-id=\"78ffb89\" data-element_type=\"widget\" data-widget_type=\"text-editor.default\">\n\t\t\t\t<div class=\"elementor-widget-container\">\n\t\t\t\t\t\t\t<p>In August 2009, an agreement was concluded with the Czech Republic, represented by the Labour Office in Jihlava, for the training of our employees within the project\u00a0<strong>Educate yourselves!<\/strong>MZ 5\/2009, MZ 6\/2009, MZ 7\/2009 and MZ 8\/2009, CZ.1.04\/1.1.00\/34.00001 from the Operational Programme Human Resources and Employment.<\/p>\t\t\t\t\t\t<\/div>\n\t\t\t\t<\/div>\n\t\t\t\t<div class=\"elementor-element elementor-element-f9962c3 elementor-widget elementor-widget-image\" data-id=\"f9962c3\" data-element_type=\"widget\" data-widget_type=\"image.default\">\n\t\t\t\t<div class=\"elementor-widget-container\">\n\t\t\t\t\t\t\t\t\t\t\t\t\t<img loading=\"lazy\" decoding=\"async\" width=\"508\" height=\"55\" src=\"https:\/\/vmv.hiseo.cz\/wp-content\/uploads\/2025\/01\/ESF-508x55-1-1.webp\" class=\"attachment-large size-large wp-image-589\" alt=\"\" srcset=\"https:\/\/vmv.hiseo.cz\/wp-content\/uploads\/2025\/01\/ESF-508x55-1-1.webp 508w, https:\/\/vmv.hiseo.cz\/wp-content\/uploads\/2025\/01\/ESF-508x55-1-1-300x32.webp 300w\" sizes=\"(max-width: 508px) 100vw, 508px\" \/>\t\t\t\t\t\t\t\t\t\t\t\t\t<\/div>\n\t\t\t\t<\/div>\n\t\t\t\t<div class=\"elementor-element elementor-element-9923f23 elementor-widget elementor-widget-text-editor\" data-id=\"9923f23\" data-element_type=\"widget\" data-widget_type=\"text-editor.default\">\n\t\t\t\t<div class=\"elementor-widget-container\">\n\t\t\t\t\t\t\t<div><strong>Objectives of the educational project:<\/strong><br \/>Ensuring the professional development of employees, increasing their application on the labour market, increasing labour productivity in our company.<\/div><div>\u00a0<\/div><div><div><strong>Educational activities:<\/strong><\/div><ul><li>NC machine programming<\/li><li>Effective communication - conflict prevention and resolution<\/li><li>Increasing knowledge and skills in MS Excel<\/li><li>Developing skills in machining and programming CNC machines<\/li><\/ul><div>\u00a0<\/div><div><strong>Project implementation:<\/strong><\/div><div>September 2009 to November 2009 (project successfully completed)<\/div><\/div>\t\t\t\t\t\t<\/div>\n\t\t\t\t<\/div>\n\t\t\t\t\t<\/div>\n\t\t\t\t<\/div>\n\t\t\t\t<\/div>","protected":false},"excerpt":{"rendered":"<p>Subsidies Project: acquisition\/replacement of Hermle C400 U machining centre On the basis of the application for a soft loan dated 13.12.2024 and negotiations with the National Development Bank, a.s., a soft loan was granted for the project \"Acquisition\/replacement of Hermle C400 U machining centre\". Program Administrator: OP TAK, New Energy Savings - Credits - Call IPriority.<\/p>","protected":false},"author":1,"featured_media":0,"parent":0,"menu_order":0,"comment_status":"closed","ping_status":"closed","template":"","meta":{"footnotes":""},"class_list":["post-581","page","type-page","status-publish","hentry"],"yoast_head":"<!-- This site is optimized with the Yoast SEO plugin v23.9 - https:\/\/yoast.com\/wordpress\/plugins\/seo\/ -->\n<title>Dotace - VMV, spol. s r. o.<\/title>\n<meta name=\"robots\" content=\"index, follow, max-snippet:-1, max-image-preview:large, max-video-preview:-1\" \/>\n<link rel=\"canonical\" href=\"https:\/\/vmv.hiseo.cz\/en\/dotace\/\" \/>\n<meta property=\"og:locale\" content=\"en_GB\" \/>\n<meta property=\"og:type\" content=\"article\" \/>\n<meta property=\"og:title\" content=\"Dotace - VMV, spol. s r. o.\" \/>\n<meta property=\"og:description\" content=\"Dotace Projekt: Po\u0159\u00edzen\u00ed\/n\u00e1hrada Obr\u00e1b\u011bc\u00ed centrum Hermle C400 U Na z\u00e1klad\u011b \u017e\u00e1dosti o zv\u00fdhodn\u011bn\u00fd \u00fav\u011br ze dne 13.12.2024 a jedn\u00e1n\u00ed s N\u00e1rodn\u00ed rozvojovou bankou, a.s. byl poskytnut zv\u00fdhodn\u011bn\u00fd \u00fav\u011br na projekt &#8222;Po\u0159\u00edzen\u00ed\/n\u00e1hrada Obr\u00e1b\u011bc\u00ed centrum Hermle C400 U&#8220;.\u00a0Spr\u00e1vce programu:\u00a0Ministerstvo pr\u016fmyslu a obchodu \u010cROpera\u010dn\u00ed program:\u00a0OP TAK, Nov\u00e9 \u00daspory Energie &#8211;\u00a0\u00fav\u011bry &#8211;\u00a0V\u00fdzva IPriorita:\u00a0Posun k n\u00edzkouhl\u00edkov\u00e9mu hospod\u00e1\u0159stv\u00edSpecifick\u00fd c\u00edl:\u00a0Podpora energetick\u00e9 \u00fa\u010dinnosti [&hellip;]\" \/>\n<meta property=\"og:url\" content=\"https:\/\/vmv.hiseo.cz\/en\/dotace\/\" \/>\n<meta property=\"og:site_name\" content=\"VMV, spol. s r. o.\" \/>\n<meta property=\"article:modified_time\" content=\"2025-03-09T10:03:17+00:00\" \/>\n<meta property=\"og:image\" content=\"https:\/\/vmv.hiseo.cz\/wp-content\/uploads\/2025\/02\/Projekt-Hermle-horizontal-1.webp\" \/>\n\t<meta property=\"og:image:width\" content=\"2500\" \/>\n\t<meta property=\"og:image:height\" content=\"1875\" \/>\n\t<meta property=\"og:image:type\" content=\"image\/webp\" \/>\n<meta name=\"twitter:card\" content=\"summary_large_image\" \/>\n<meta name=\"twitter:label1\" content=\"Estimated reading time\" \/>\n\t<meta name=\"twitter:data1\" content=\"5 minutes\" \/>\n<script type=\"application\/ld+json\" class=\"yoast-schema-graph\">{\"@context\":\"https:\/\/schema.org\",\"@graph\":[{\"@type\":\"WebPage\",\"@id\":\"https:\/\/vmv.hiseo.cz\/dotace\/\",\"url\":\"https:\/\/vmv.hiseo.cz\/dotace\/\",\"name\":\"Dotace - VMV, spol. s r. o.\",\"isPartOf\":{\"@id\":\"https:\/\/vmv.hiseo.cz\/#website\"},\"primaryImageOfPage\":{\"@id\":\"https:\/\/vmv.hiseo.cz\/dotace\/#primaryimage\"},\"image\":{\"@id\":\"https:\/\/vmv.hiseo.cz\/dotace\/#primaryimage\"},\"thumbnailUrl\":\"https:\/\/vmv.hiseo.cz\/wp-content\/uploads\/2025\/02\/Projekt-Hermle-horizontal-1-1024x768.webp\",\"datePublished\":\"2025-01-29T23:26:53+00:00\",\"dateModified\":\"2025-03-09T10:03:17+00:00\",\"breadcrumb\":{\"@id\":\"https:\/\/vmv.hiseo.cz\/dotace\/#breadcrumb\"},\"inLanguage\":\"en-GB\",\"potentialAction\":[{\"@type\":\"ReadAction\",\"target\":[\"https:\/\/vmv.hiseo.cz\/dotace\/\"]}]},{\"@type\":\"ImageObject\",\"inLanguage\":\"en-GB\",\"@id\":\"https:\/\/vmv.hiseo.cz\/dotace\/#primaryimage\",\"url\":\"https:\/\/vmv.hiseo.cz\/wp-content\/uploads\/2025\/02\/Projekt-Hermle-horizontal-1-1024x768.webp\",\"contentUrl\":\"https:\/\/vmv.hiseo.cz\/wp-content\/uploads\/2025\/02\/Projekt-Hermle-horizontal-1-1024x768.webp\"},{\"@type\":\"BreadcrumbList\",\"@id\":\"https:\/\/vmv.hiseo.cz\/dotace\/#breadcrumb\",\"itemListElement\":[{\"@type\":\"ListItem\",\"position\":1,\"name\":\"Dom\u016f\",\"item\":\"https:\/\/vmv.hiseo.cz\/\"},{\"@type\":\"ListItem\",\"position\":2,\"name\":\"Dotace\"}]},{\"@type\":\"WebSite\",\"@id\":\"https:\/\/vmv.hiseo.cz\/#website\",\"url\":\"https:\/\/vmv.hiseo.cz\/\",\"name\":\"Moje str\u00e1nky\",\"description\":\"VMV, spol. s r. o. | CNC FR\u00c9ZOV\u00c1N\u00cd | CNC SOUSTRU\u017dEN\u00cd | 5 OS\u00c9 OBR\u00c1B\u011aN\u00cd | Vytvo\u0159ilo studio hiSEO, s.r.o. [www.hiseo.cz]\",\"publisher\":{\"@id\":\"https:\/\/vmv.hiseo.cz\/#organization\"},\"potentialAction\":[{\"@type\":\"SearchAction\",\"target\":{\"@type\":\"EntryPoint\",\"urlTemplate\":\"https:\/\/vmv.hiseo.cz\/?s={search_term_string}\"},\"query-input\":{\"@type\":\"PropertyValueSpecification\",\"valueRequired\":true,\"valueName\":\"search_term_string\"}}],\"inLanguage\":\"en-GB\"},{\"@type\":\"Organization\",\"@id\":\"https:\/\/vmv.hiseo.cz\/#organization\",\"name\":\"Moje str\u00e1nky\",\"url\":\"https:\/\/vmv.hiseo.cz\/\",\"logo\":{\"@type\":\"ImageObject\",\"inLanguage\":\"en-GB\",\"@id\":\"https:\/\/vmv.hiseo.cz\/#\/schema\/logo\/image\/\",\"url\":\"https:\/\/vmv.hiseo.cz\/wp-content\/uploads\/2024\/11\/Datovy-zdroj-1logo-vmv-min.png\",\"contentUrl\":\"https:\/\/vmv.hiseo.cz\/wp-content\/uploads\/2024\/11\/Datovy-zdroj-1logo-vmv-min.png\",\"width\":1000,\"height\":335,\"caption\":\"Moje str\u00e1nky\"},\"image\":{\"@id\":\"https:\/\/vmv.hiseo.cz\/#\/schema\/logo\/image\/\"}}]}<\/script>\n<!-- \/ Yoast SEO plugin. -->","yoast_head_json":{"title":"Dotace - VMV, spol. s r. o.","robots":{"index":"index","follow":"follow","max-snippet":"max-snippet:-1","max-image-preview":"max-image-preview:large","max-video-preview":"max-video-preview:-1"},"canonical":"https:\/\/vmv.hiseo.cz\/en\/dotace\/","og_locale":"en_GB","og_type":"article","og_title":"Dotace - VMV, spol. s r. o.","og_description":"Dotace Projekt: Po\u0159\u00edzen\u00ed\/n\u00e1hrada Obr\u00e1b\u011bc\u00ed centrum Hermle C400 U Na z\u00e1klad\u011b \u017e\u00e1dosti o zv\u00fdhodn\u011bn\u00fd \u00fav\u011br ze dne 13.12.2024 a jedn\u00e1n\u00ed s N\u00e1rodn\u00ed rozvojovou bankou, a.s. byl poskytnut zv\u00fdhodn\u011bn\u00fd \u00fav\u011br na projekt &#8222;Po\u0159\u00edzen\u00ed\/n\u00e1hrada Obr\u00e1b\u011bc\u00ed centrum Hermle C400 U&#8220;.\u00a0Spr\u00e1vce programu:\u00a0Ministerstvo pr\u016fmyslu a obchodu \u010cROpera\u010dn\u00ed program:\u00a0OP TAK, Nov\u00e9 \u00daspory Energie &#8211;\u00a0\u00fav\u011bry &#8211;\u00a0V\u00fdzva IPriorita:\u00a0Posun k n\u00edzkouhl\u00edkov\u00e9mu hospod\u00e1\u0159stv\u00edSpecifick\u00fd c\u00edl:\u00a0Podpora energetick\u00e9 \u00fa\u010dinnosti [&hellip;]","og_url":"https:\/\/vmv.hiseo.cz\/en\/dotace\/","og_site_name":"VMV, spol. s r. o.","article_modified_time":"2025-03-09T10:03:17+00:00","og_image":[{"width":2500,"height":1875,"url":"https:\/\/vmv.hiseo.cz\/wp-content\/uploads\/2025\/02\/Projekt-Hermle-horizontal-1.webp","type":"image\/webp"}],"twitter_card":"summary_large_image","twitter_misc":{"Estimated reading time":"5 minutes"},"schema":{"@context":"https:\/\/schema.org","@graph":[{"@type":"WebPage","@id":"https:\/\/vmv.hiseo.cz\/dotace\/","url":"https:\/\/vmv.hiseo.cz\/dotace\/","name":"Dotace - VMV, spol. s r. o.","isPartOf":{"@id":"https:\/\/vmv.hiseo.cz\/#website"},"primaryImageOfPage":{"@id":"https:\/\/vmv.hiseo.cz\/dotace\/#primaryimage"},"image":{"@id":"https:\/\/vmv.hiseo.cz\/dotace\/#primaryimage"},"thumbnailUrl":"https:\/\/vmv.hiseo.cz\/wp-content\/uploads\/2025\/02\/Projekt-Hermle-horizontal-1-1024x768.webp","datePublished":"2025-01-29T23:26:53+00:00","dateModified":"2025-03-09T10:03:17+00:00","breadcrumb":{"@id":"https:\/\/vmv.hiseo.cz\/dotace\/#breadcrumb"},"inLanguage":"en-GB","potentialAction":[{"@type":"ReadAction","target":["https:\/\/vmv.hiseo.cz\/dotace\/"]}]},{"@type":"ImageObject","inLanguage":"en-GB","@id":"https:\/\/vmv.hiseo.cz\/dotace\/#primaryimage","url":"https:\/\/vmv.hiseo.cz\/wp-content\/uploads\/2025\/02\/Projekt-Hermle-horizontal-1-1024x768.webp","contentUrl":"https:\/\/vmv.hiseo.cz\/wp-content\/uploads\/2025\/02\/Projekt-Hermle-horizontal-1-1024x768.webp"},{"@type":"BreadcrumbList","@id":"https:\/\/vmv.hiseo.cz\/dotace\/#breadcrumb","itemListElement":[{"@type":"ListItem","position":1,"name":"Dom\u016f","item":"https:\/\/vmv.hiseo.cz\/"},{"@type":"ListItem","position":2,"name":"Dotace"}]},{"@type":"WebSite","@id":"https:\/\/vmv.hiseo.cz\/#website","url":"https:\/\/vmv.hiseo.cz\/","name":"Moje str\u00e1nky","description":"VMV, spol. s r. o. | CNC FR\u00c9ZOV\u00c1N\u00cd | CNC SOUSTRU\u017dEN\u00cd | 5 OS\u00c9 OBR\u00c1B\u011aN\u00cd | Vytvo\u0159ilo studio hiSEO, s.r.o. [www.hiseo.cz]","publisher":{"@id":"https:\/\/vmv.hiseo.cz\/#organization"},"potentialAction":[{"@type":"SearchAction","target":{"@type":"EntryPoint","urlTemplate":"https:\/\/vmv.hiseo.cz\/?s={search_term_string}"},"query-input":{"@type":"PropertyValueSpecification","valueRequired":true,"valueName":"search_term_string"}}],"inLanguage":"en-GB"},{"@type":"Organization","@id":"https:\/\/vmv.hiseo.cz\/#organization","name":"Moje str\u00e1nky","url":"https:\/\/vmv.hiseo.cz\/","logo":{"@type":"ImageObject","inLanguage":"en-GB","@id":"https:\/\/vmv.hiseo.cz\/#\/schema\/logo\/image\/","url":"https:\/\/vmv.hiseo.cz\/wp-content\/uploads\/2024\/11\/Datovy-zdroj-1logo-vmv-min.png","contentUrl":"https:\/\/vmv.hiseo.cz\/wp-content\/uploads\/2024\/11\/Datovy-zdroj-1logo-vmv-min.png","width":1000,"height":335,"caption":"Moje str\u00e1nky"},"image":{"@id":"https:\/\/vmv.hiseo.cz\/#\/schema\/logo\/image\/"}}]}},"_links":{"self":[{"href":"https:\/\/vmv.hiseo.cz\/en\/wp-json\/wp\/v2\/pages\/581","targetHints":{"allow":["GET"]}}],"collection":[{"href":"https:\/\/vmv.hiseo.cz\/en\/wp-json\/wp\/v2\/pages"}],"about":[{"href":"https:\/\/vmv.hiseo.cz\/en\/wp-json\/wp\/v2\/types\/page"}],"author":[{"embeddable":true,"href":"https:\/\/vmv.hiseo.cz\/en\/wp-json\/wp\/v2\/users\/1"}],"replies":[{"embeddable":true,"href":"https:\/\/vmv.hiseo.cz\/en\/wp-json\/wp\/v2\/comments?post=581"}],"version-history":[{"count":44,"href":"https:\/\/vmv.hiseo.cz\/en\/wp-json\/wp\/v2\/pages\/581\/revisions"}],"predecessor-version":[{"id":883,"href":"https:\/\/vmv.hiseo.cz\/en\/wp-json\/wp\/v2\/pages\/581\/revisions\/883"}],"wp:attachment":[{"href":"https:\/\/vmv.hiseo.cz\/en\/wp-json\/wp\/v2\/media?parent=581"}],"curies":[{"name":"wp","href":"https:\/\/api.w.org\/{rel}","templated":true}]}}